{"id":2349,"date":"2026-03-05T23:39:36","date_gmt":"2026-03-05T23:39:36","guid":{"rendered":"https:\/\/model2.sharkmedia.pt\/?post_type=product&#038;p=2349"},"modified":"2026-04-10T17:48:08","modified_gmt":"2026-04-10T17:48:08","slug":"preview-image","status":"publish","type":"product","link":"https:\/\/model2.sharkmedia.pt\/en\/product\/preview-image\/","title":{"rendered":"Product example"},"content":{"rendered":"<ul>\n<li>Camiseta 100% algod\u00f3n org\u00e1nico peinado de 180 gramos<\/li>\n<li>El modelo mide 1,78, pesa 72 kg y viste una talla L<\/li>\n<li>T\u00e9cnica de estampaci\u00f3n DTF<\/li>\n<li><\/li>\n<\/ul>","protected":false},"excerpt":{"rendered":"<p>Camiseta 100% algod\u00f3n org\u00e1nico peinado de 180 gramos El modelo mide 1,78, pesa 72 kg y viste una talla L T\u00e9cnica de estampaci\u00f3n DTF<\/p>","protected":false},"featured_media":2022,"template":"","meta":[],"product_brand":[],"product_cat":[23],"product_tag":[],"class_list":{"0":"post-2349","1":"product","2":"type-product","3":"status-publish","4":"has-post-thumbnail","6":"product_cat-vestuario","7":"tm-no-options","9":"first","10":"instock","11":"taxable","12":"shipping-taxable","13":"purchasable","14":"product-type-simple"},"_links":{"self":[{"href":"https:\/\/model2.sharkmedia.pt\/en\/wp-json\/wp\/v2\/product\/2349","targetHints":{"allow":["GET"]}}],"collection":[{"href":"https:\/\/model2.sharkmedia.pt\/en\/wp-json\/wp\/v2\/product"}],"about":[{"href":"https:\/\/model2.sharkmedia.pt\/en\/wp-json\/wp\/v2\/types\/product"}],"wp:featuredmedia":[{"embeddable":true,"href":"https:\/\/model2.sharkmedia.pt\/en\/wp-json\/wp\/v2\/media\/2022"}],"wp:attachment":[{"href":"https:\/\/model2.sharkmedia.pt\/en\/wp-json\/wp\/v2\/media?parent=2349"}],"wp:term":[{"taxonomy":"product_brand","embeddable":true,"href":"https:\/\/model2.sharkmedia.pt\/en\/wp-json\/wp\/v2\/product_brand?post=2349"},{"taxonomy":"product_cat","embeddable":true,"href":"https:\/\/model2.sharkmedia.pt\/en\/wp-json\/wp\/v2\/product_cat?post=2349"},{"taxonomy":"product_tag","embeddable":true,"href":"https:\/\/model2.sharkmedia.pt\/en\/wp-json\/wp\/v2\/product_tag?post=2349"}],"curies":[{"name":"wp","href":"https:\/\/api.w.org\/{rel}","templated":true}]}}