{"id":1779,"date":"2026-01-02T22:58:36","date_gmt":"2026-01-02T22:58:36","guid":{"rendered":"https:\/\/model1.sharkmedia.pt\/?post_type=product&#038;p=1779"},"modified":"2026-02-11T15:00:14","modified_gmt":"2026-02-11T15:00:14","slug":"vinil-de-montra","status":"publish","type":"product","link":"https:\/\/model2.sharkmedia.pt\/es\/producto\/vinil-de-montra\/","title":{"rendered":"Vinilos para escaparates"},"content":{"rendered":"","protected":false},"excerpt":{"rendered":"<p>Nuestras pancartas de PVC f\u00e1ciles de transportar, de 1,52 m de ancho, son perfectas para cualquier evento, incluidas bodas y festivales. Personalizables e impermeables, cuentan con ojales opcionales resistentes a la intemperie para colgarlas f\u00e1cilmente y son ideales para su uso en exteriores. F\u00e1ciles de enrollar para su transporte, se adaptan a todas las condiciones meteorol\u00f3gicas. Obtenga su pancarta en tan s\u00f3lo 4 horas.<\/p>","protected":false},"featured_media":1845,"template":"","meta":[],"product_brand":[],"product_cat":[97],"product_tag":[],"class_list":{"0":"post-1779","1":"product","2":"type-product","3":"status-publish","4":"has-post-thumbnail","6":"product_cat-impressao","7":"tm-no-options","9":"first","10":"instock","11":"sold-individually","12":"taxable","13":"shipping-taxable","14":"purchasable","15":"product-type-simple"},"_links":{"self":[{"href":"https:\/\/model2.sharkmedia.pt\/es\/wp-json\/wp\/v2\/product\/1779","targetHints":{"allow":["GET"]}}],"collection":[{"href":"https:\/\/model2.sharkmedia.pt\/es\/wp-json\/wp\/v2\/product"}],"about":[{"href":"https:\/\/model2.sharkmedia.pt\/es\/wp-json\/wp\/v2\/types\/product"}],"wp:featuredmedia":[{"embeddable":true,"href":"https:\/\/model2.sharkmedia.pt\/es\/wp-json\/wp\/v2\/media\/1845"}],"wp:attachment":[{"href":"https:\/\/model2.sharkmedia.pt\/es\/wp-json\/wp\/v2\/media?parent=1779"}],"wp:term":[{"taxonomy":"product_brand","embeddable":true,"href":"https:\/\/model2.sharkmedia.pt\/es\/wp-json\/wp\/v2\/product_brand?post=1779"},{"taxonomy":"product_cat","embeddable":true,"href":"https:\/\/model2.sharkmedia.pt\/es\/wp-json\/wp\/v2\/product_cat?post=1779"},{"taxonomy":"product_tag","embeddable":true,"href":"https:\/\/model2.sharkmedia.pt\/es\/wp-json\/wp\/v2\/product_tag?post=1779"}],"curies":[{"name":"wp","href":"https:\/\/api.w.org\/{rel}","templated":true}]}}