{"id":2033,"date":"2026-02-10T20:27:36","date_gmt":"2026-02-10T20:27:36","guid":{"rendered":"https:\/\/model1.sharkmedia.pt\/?post_type=product&#038;p=2033"},"modified":"2026-02-10T22:52:11","modified_gmt":"2026-02-10T22:52:11","slug":"palermo","status":"publish","type":"product","link":"https:\/\/model2.sharkmedia.pt\/es\/producto\/palermo\/","title":{"rendered":"PALERMO"},"content":{"rendered":"","protected":false},"excerpt":{"rendered":"<div class=\"mb-5 border border-solid border-gray-light p-2.5\">\n<div class=\"text-sm leading-5 text-gray-medium\">Combina una r\u00e1pida transferencia de humedad, sensaci\u00f3n de frescura y f\u00e1cil mantenimiento. Su tejido denso, estable y resistente garantiza: un aspecto impecable, menos arrugas y colores duraderos. Tacto m\u00e1s suave, ca\u00edda limpia y capacidad de impresi\u00f3n perfecta.<\/div>\n<\/div>\n<div class=\"flex flex-row flex-wrap gap-x-3.5 gap-y-2.5\">\n<div class=\"group\/tooltip relative w-fit text-center\"><\/div>\n<\/div>","protected":false},"featured_media":2094,"template":"","meta":[],"product_brand":[],"product_cat":[23,95],"product_tag":[],"class_list":{"0":"post-2033","1":"product","2":"type-product","3":"status-publish","4":"has-post-thumbnail","6":"product_cat-vestuario","7":"product_cat-polos","8":"tm-no-options","10":"first","11":"instock","12":"taxable","13":"shipping-taxable","14":"purchasable","15":"product-type-simple"},"_links":{"self":[{"href":"https:\/\/model2.sharkmedia.pt\/es\/wp-json\/wp\/v2\/product\/2033","targetHints":{"allow":["GET"]}}],"collection":[{"href":"https:\/\/model2.sharkmedia.pt\/es\/wp-json\/wp\/v2\/product"}],"about":[{"href":"https:\/\/model2.sharkmedia.pt\/es\/wp-json\/wp\/v2\/types\/product"}],"wp:featuredmedia":[{"embeddable":true,"href":"https:\/\/model2.sharkmedia.pt\/es\/wp-json\/wp\/v2\/media\/2094"}],"wp:attachment":[{"href":"https:\/\/model2.sharkmedia.pt\/es\/wp-json\/wp\/v2\/media?parent=2033"}],"wp:term":[{"taxonomy":"product_brand","embeddable":true,"href":"https:\/\/model2.sharkmedia.pt\/es\/wp-json\/wp\/v2\/product_brand?post=2033"},{"taxonomy":"product_cat","embeddable":true,"href":"https:\/\/model2.sharkmedia.pt\/es\/wp-json\/wp\/v2\/product_cat?post=2033"},{"taxonomy":"product_tag","embeddable":true,"href":"https:\/\/model2.sharkmedia.pt\/es\/wp-json\/wp\/v2\/product_tag?post=2033"}],"curies":[{"name":"wp","href":"https:\/\/api.w.org\/{rel}","templated":true}]}}